{"id":17,"date":"2017-04-03T19:21:53","date_gmt":"2017-04-03T16:21:53","guid":{"rendered":"http:\/\/www.istanbuljeepsafari.com\/?page_id=17"},"modified":"2026-01-10T21:53:01","modified_gmt":"2026-01-10T18:53:01","slug":"fiyat-listesi","status":"publish","type":"page","link":"https:\/\/www.istanbuljeepsafari.com\/index.php\/fiyat-listesi\/","title":{"rendered":"F\u0130YAT L\u0130STES\u0130"},"content":{"rendered":"\n<div class=\"wp-block-group alignfull\"><div class=\"wp-block-group__inner-container is-layout-flow wp-block-group-is-layout-flow\">\n<div class=\"wp-block-group has-mono-1-background-color has-background\" style=\"margin-top:0;margin-bottom:0;padding-top:0;padding-right:0;padding-bottom:0;padding-left:0\"><div class=\"wp-block-group__inner-container is-layout-flow wp-block-group-is-layout-flow\">\n<div class=\"wp-block-cover has-custom-content-position is-position-bottom-center\" style=\"padding-top:var(--wp--preset--spacing--superbspacing-xlarge);padding-right:0;padding-bottom:var(--wp--preset--spacing--superbspacing-xlarge);padding-left:0;min-height:50px;aspect-ratio:unset;\"><img loading=\"lazy\" decoding=\"async\" width=\"720\" height=\"935\" class=\"wp-block-cover__image-background wp-image-221 size-full\" alt=\"\" src=\"https:\/\/www.istanbuljeepsafari.com\/wp-content\/uploads\/WhatsApp-Image-2021-01-02-at-19.10.44-2.jpeg\" style=\"object-position:57% 96%\" data-object-fit=\"cover\" data-object-position=\"57% 96%\" srcset=\"https:\/\/www.istanbuljeepsafari.com\/wp-content\/uploads\/WhatsApp-Image-2021-01-02-at-19.10.44-2.jpeg 720w, https:\/\/www.istanbuljeepsafari.com\/wp-content\/uploads\/WhatsApp-Image-2021-01-02-at-19.10.44-2-231x300.jpeg 231w\" sizes=\"auto, (max-width: 720px) 100vw, 720px\" \/><span aria-hidden=\"true\" class=\"wp-block-cover__background has-background-dim-40 has-background-dim\" style=\"background-color:#648a66\"><\/span><div class=\"wp-block-cover__inner-container is-layout-flow wp-block-cover-is-layout-flow\">\n<div class=\"wp-block-group\" style=\"padding-top:0;padding-right:var(--wp--preset--spacing--superbspacing-small);padding-bottom:0;padding-left:var(--wp--preset--spacing--superbspacing-small)\"><div class=\"wp-block-group__inner-container is-layout-constrained wp-container-core-group-is-layout-ff832411 wp-block-group-is-layout-constrained\">\n<div class=\"wp-block-group is-content-justification-center\" style=\"margin-top:0;margin-bottom:0\"><div class=\"wp-block-group__inner-container is-layout-constrained wp-container-core-group-is-layout-55a413eb wp-block-group-is-layout-constrained\">\n<h1 class=\"wp-block-heading has-text-align-center has-text-color has-superbfont-xxlarge-font-size\" style=\"color:#fdfdfd;font-style:normal;font-weight:400\"><\/h1>\n\n\n\n<p class=\"has-text-align-center has-text-color has-superbfont-small-font-size\" style=\"color:#fdfdfd;margin-bottom:var(--wp--preset--spacing--superbspacing-small)\"><\/p>\n<\/div><\/div>\n<\/div><\/div>\n<\/div><\/div>\n<\/div><\/div>\n\n\n\n<div class=\"wp-block-group alignfull has-mono-4-background-color has-background\" style=\"margin-top:0;margin-bottom:0;padding-top:var(--wp--preset--spacing--superbspacing-large);padding-right:var(--wp--preset--spacing--superbspacing-small);padding-bottom:var(--wp--preset--spacing--superbspacing-large);padding-left:var(--wp--preset--spacing--superbspacing-small)\"><div class=\"wp-block-group__inner-container is-layout-constrained wp-container-core-group-is-layout-cd6834d0 wp-block-group-is-layout-constrained\">\n<div class=\"wp-block-columns alignwide is-layout-flex wp-container-core-columns-is-layout-95ad091b wp-block-columns-is-layout-flex\">\n<div class=\"wp-block-column is-vertically-aligned-center is-layout-flow wp-block-column-is-layout-flow\" style=\"padding-top:0;padding-right:0;padding-bottom:0;padding-left:0\">\n<div class=\"wp-block-group\"><div class=\"wp-block-group__inner-container is-layout-flow wp-block-group-is-layout-flow\">\n<ul class=\"wp-block-list\">\n<li>Offroad Deneyim paketimizde <\/li>\n\n\n\n<li>tam donan\u0131ml\u0131 Offroad yar\u0131\u015f arac\u0131 ile <\/li>\n\n\n\n<li>uzman pilot e\u015fli\u011finde do\u011fal etaplarda <\/li>\n\n\n\n<li>1 saatlik OFFROAD deneyimi<\/li>\n\n\n\n<li>15 dakikal\u0131k teorik e\u011fitimin ard\u0131ndan<\/li>\n\n\n\n<li> 45 dakika boyunca arac\u0131 siz kullan\u0131yorsunuz<\/li>\n<\/ul>\n\n\n\n<h1 class=\"wp-block-heading has-text-align-center has-superbfont-xlarge-font-size\" style=\"line-height:1.2\"><kbd>PAKET 1<\/kbd><\/h1>\n<\/div><\/div>\n\n\n\n<figure class=\"wp-block-image size-large has-custom-border is-style-rounded\"><img loading=\"lazy\" decoding=\"async\" width=\"768\" height=\"576\" src=\"https:\/\/www.istanbuljeepsafari.com\/wp-content\/uploads\/IMG_20180305_220635_593.jpg\" alt=\"\" class=\"wp-image-235\" style=\"border-radius:0px\" srcset=\"https:\/\/www.istanbuljeepsafari.com\/wp-content\/uploads\/IMG_20180305_220635_593.jpg 768w, https:\/\/www.istanbuljeepsafari.com\/wp-content\/uploads\/IMG_20180305_220635_593-300x225.jpg 300w\" sizes=\"auto, (max-width: 768px) 100vw, 768px\" \/><\/figure>\n<\/div>\n<\/div>\n\n\n\n<ul class=\"wp-block-list\">\n<li>F\u0130YAT<\/li>\n<\/ul>\n\n\n\n<p><\/p>\n\n\n\n<div class=\"wp-block-buttons is-content-justification-center is-layout-flex wp-container-core-buttons-is-layout-96f9d5b0 wp-block-buttons-is-layout-flex\">\n<div class=\"wp-block-button\"><a class=\"wp-block-button__link has-superbfont-small-font-size has-custom-font-size wp-element-button\" style=\"padding-top:var(--wp--preset--spacing--superbspacing-xsmall);padding-right:var(--wp--preset--spacing--superbspacing-xsmall);padding-bottom:var(--wp--preset--spacing--superbspacing-xsmall);padding-left:var(--wp--preset--spacing--superbspacing-xsmall)\">5000 TL<\/a><\/div>\n<\/div>\n<\/div><\/div>\n\n\n\n<div class=\"wp-block-group alignfull has-mono-4-background-color has-background\" style=\"margin-top:0;margin-bottom:0;padding-top:var(--wp--preset--spacing--superbspacing-large);padding-right:var(--wp--preset--spacing--superbspacing-small);padding-bottom:var(--wp--preset--spacing--superbspacing-large);padding-left:var(--wp--preset--spacing--superbspacing-small)\"><div class=\"wp-block-group__inner-container is-layout-constrained wp-container-core-group-is-layout-cd6834d0 wp-block-group-is-layout-constrained\">\n<div class=\"wp-block-columns alignwide is-layout-flex wp-container-core-columns-is-layout-95ad091b wp-block-columns-is-layout-flex\">\n<div class=\"wp-block-column is-vertically-aligned-center is-layout-flow wp-block-column-is-layout-flow\" style=\"padding-top:0;padding-right:0;padding-bottom:0;padding-left:0\">\n<div class=\"wp-block-group\"><div class=\"wp-block-group__inner-container is-layout-flow wp-block-group-is-layout-flow\">\n<ul class=\"wp-block-list\">\n<li>Offroad Deneyim paketimizde <\/li>\n\n\n\n<li>tam donan\u0131ml\u0131 Offroad yar\u0131\u015f arac\u0131 ile <\/li>\n\n\n\n<li>uzman pilot e\u015fli\u011finde do\u011fal etaplarda <\/li>\n\n\n\n<li>2 saatlik OFFROAD deneyimi<\/li>\n\n\n\n<li>15 dakikal\u0131k teorik e\u011fitimin ard\u0131ndan<\/li>\n\n\n\n<li>1 Saat 45 dakika boyunca arac\u0131 siz kullan\u0131yorsunuz<\/li>\n<\/ul>\n\n\n\n<h1 class=\"wp-block-heading has-text-align-center has-superbfont-xlarge-font-size\" style=\"line-height:1.2\"><kbd>PAKET 2<\/kbd><\/h1>\n<\/div><\/div>\n\n\n\n<figure class=\"wp-block-image size-full has-custom-border is-style-rounded\"><img loading=\"lazy\" decoding=\"async\" width=\"960\" height=\"720\" src=\"https:\/\/www.istanbuljeepsafari.com\/wp-content\/uploads\/11351329_757526634346279_5146065327312425269_n.jpg\" alt=\"\" class=\"wp-image-127\" style=\"border-radius:0px\" srcset=\"https:\/\/www.istanbuljeepsafari.com\/wp-content\/uploads\/11351329_757526634346279_5146065327312425269_n.jpg 960w, https:\/\/www.istanbuljeepsafari.com\/wp-content\/uploads\/11351329_757526634346279_5146065327312425269_n-300x225.jpg 300w, https:\/\/www.istanbuljeepsafari.com\/wp-content\/uploads\/11351329_757526634346279_5146065327312425269_n-768x576.jpg 768w\" sizes=\"auto, (max-width: 960px) 100vw, 960px\" \/><\/figure>\n<\/div>\n<\/div>\n\n\n\n<ul class=\"wp-block-list\">\n<li>F\u0130YAT K\u0130\u015e\u0130 BA\u015eI<\/li>\n<\/ul>\n\n\n\n<p><\/p>\n\n\n\n<div class=\"wp-block-buttons is-content-justification-center is-layout-flex wp-container-core-buttons-is-layout-96f9d5b0 wp-block-buttons-is-layout-flex\">\n<div class=\"wp-block-button\"><a class=\"wp-block-button__link has-superbfont-small-font-size has-custom-font-size wp-element-button\" style=\"padding-top:var(--wp--preset--spacing--superbspacing-xsmall);padding-right:var(--wp--preset--spacing--superbspacing-xsmall);padding-bottom:var(--wp--preset--spacing--superbspacing-xsmall);padding-left:var(--wp--preset--spacing--superbspacing-xsmall)\">9000 TL<\/a><\/div>\n<\/div>\n<\/div><\/div>\n\n\n\n<div class=\"wp-block-group alignfull has-mono-4-background-color has-background\" style=\"margin-top:0;margin-bottom:0;padding-top:var(--wp--preset--spacing--superbspacing-large);padding-right:var(--wp--preset--spacing--superbspacing-small);padding-bottom:var(--wp--preset--spacing--superbspacing-large);padding-left:var(--wp--preset--spacing--superbspacing-small)\"><div class=\"wp-block-group__inner-container is-layout-constrained wp-container-core-group-is-layout-cd6834d0 wp-block-group-is-layout-constrained\">\n<div class=\"wp-block-columns alignwide is-layout-flex wp-container-core-columns-is-layout-95ad091b wp-block-columns-is-layout-flex\">\n<div class=\"wp-block-column is-vertically-aligned-center is-layout-flow wp-block-column-is-layout-flow\" style=\"padding-top:0;padding-right:0;padding-bottom:0;padding-left:0\">\n<div class=\"wp-block-group\"><div class=\"wp-block-group__inner-container is-layout-flow wp-block-group-is-layout-flow\">\n<ul class=\"wp-block-list\">\n<li>Beykoz\u2019daki merkezimizden ba\u015flayan seyahat g\u00fczergah\u0131m\u0131z Pa\u015famand\u0131ra K\u00f6y\u00fc \u00fczerinde ormana giri\u015f yap\u0131p bozhane y\u00f6n\u00fcndeki parkurdan devam edip riva \u00e7ay\u0131r yolu ve incir bo\u011faz\u0131n\u0131n alt\u0131nda mangal\u2019da sucuk ekmek ile \u00a0odun k\u00f6m\u00fcr\u00fc ile yap\u0131lm\u0131\u015f semaver \u00e7ay\u0131n\u0131 yudumlad\u0131ktan sonra d\u00f6n\u00fc\u015f yolunda yine orman g\u00fczergah\u0131n\u0131 takip ederek do\u011fan\u0131n e\u015fsiz uyan\u0131\u015f\u0131na \u015fahit olup akan derelerin ve ku\u015f seslerinin e\u015fli\u011finde parkurumuzu tamamlayaca\u011f\u0131z. 3 saatlik bir parkur ard\u0131ndan 1 saat yemek ve dinlenme molas\u0131 ve sohbet ile ortalama 4 saatlik bir s\u00fcrede geri d\u00f6n\u00fc\u015f sa\u011flam\u0131\u015f olaca\u011f\u0131z.<\/li>\n\n\n\n<li>Etap i\u00e7erisinde \u00a0herkes 10 ar dakika ara\u00e7 kullanarak deneyim sa\u011flam\u0131\u015f olacak<\/li>\n\n\n\n<li>kat\u0131l\u0131m en az 4 ki\u015fi oldu\u011funda yap\u0131labilen bir aktivitedir.<\/li>\n<\/ul>\n\n\n\n<h1 class=\"wp-block-heading has-text-align-center has-superbfont-xlarge-font-size\" style=\"line-height:1.2\"><kbd>PAKET 3 <\/kbd><\/h1>\n<\/div><\/div>\n\n\n\n<figure class=\"wp-block-image size-full has-custom-border is-style-rounded\"><img loading=\"lazy\" decoding=\"async\" width=\"720\" height=\"939\" src=\"https:\/\/www.istanbuljeepsafari.com\/wp-content\/uploads\/WhatsApp-Image-2021-01-02-at-19.10.43.jpeg\" alt=\"\" class=\"wp-image-219\" style=\"border-radius:0px\" srcset=\"https:\/\/www.istanbuljeepsafari.com\/wp-content\/uploads\/WhatsApp-Image-2021-01-02-at-19.10.43.jpeg 720w, https:\/\/www.istanbuljeepsafari.com\/wp-content\/uploads\/WhatsApp-Image-2021-01-02-at-19.10.43-230x300.jpeg 230w\" sizes=\"auto, (max-width: 720px) 100vw, 720px\" \/><\/figure>\n<\/div>\n<\/div>\n\n\n\n<ul class=\"wp-block-list\">\n<li>F\u0130YAT K\u0130\u015e\u0130 BA\u015eI<\/li>\n<\/ul>\n\n\n\n<p><\/p>\n\n\n\n<div class=\"wp-block-buttons is-content-justification-center is-layout-flex wp-container-core-buttons-is-layout-96f9d5b0 wp-block-buttons-is-layout-flex\">\n<div class=\"wp-block-button\"><a class=\"wp-block-button__link has-superbfont-small-font-size has-custom-font-size wp-element-button\" style=\"padding-top:var(--wp--preset--spacing--superbspacing-xsmall);padding-right:var(--wp--preset--spacing--superbspacing-xsmall);padding-bottom:var(--wp--preset--spacing--superbspacing-xsmall);padding-left:var(--wp--preset--spacing--superbspacing-xsmall)\">5000 TL<\/a><\/div>\n<\/div>\n<\/div><\/div>\n\n\n\n<div class=\"wp-block-group alignfull\" style=\"margin-top:0;margin-bottom:0;padding-top:var(--wp--preset--spacing--superbspacing-large);padding-right:var(--wp--preset--spacing--superbspacing-small);padding-bottom:var(--wp--preset--spacing--superbspacing-large);padding-left:var(--wp--preset--spacing--superbspacing-small)\"><div class=\"wp-block-group__inner-container is-layout-constrained wp-container-core-group-is-layout-81f4f65f wp-block-group-is-layout-constrained\">\n<figure class=\"wp-block-image alignwide size-full\"><img loading=\"lazy\" decoding=\"async\" width=\"714\" height=\"922\" src=\"https:\/\/www.istanbuljeepsafari.com\/wp-content\/uploads\/WhatsApp-Image-2021-01-02-at-19.10.44.jpeg\" alt=\"\" class=\"wp-image-222\" srcset=\"https:\/\/www.istanbuljeepsafari.com\/wp-content\/uploads\/WhatsApp-Image-2021-01-02-at-19.10.44.jpeg 714w, https:\/\/www.istanbuljeepsafari.com\/wp-content\/uploads\/WhatsApp-Image-2021-01-02-at-19.10.44-232x300.jpeg 232w\" sizes=\"auto, (max-width: 714px) 100vw, 714px\" \/><\/figure>\n<\/div><\/div>\n\n\n\n<div class=\"wp-block-group alignfull\" style=\"margin-top:0;margin-bottom:0;padding-top:var(--wp--preset--spacing--superbspacing-large);padding-right:var(--wp--preset--spacing--superbspacing-small);padding-bottom:var(--wp--preset--spacing--superbspacing-large);padding-left:var(--wp--preset--spacing--superbspacing-small)\"><div class=\"wp-block-group__inner-container is-layout-constrained wp-container-core-group-is-layout-4e45299f wp-block-group-is-layout-constrained\">\n<div class=\"wp-block-cover alignwide\" style=\"border-radius:0px\"><img loading=\"lazy\" decoding=\"async\" width=\"720\" height=\"944\" class=\"wp-block-cover__image-background wp-image-217 size-full\" alt=\"\" src=\"https:\/\/www.istanbuljeepsafari.com\/wp-content\/uploads\/WhatsApp-Image-2021-01-02-at-19.10.43-1.jpeg\" data-object-fit=\"cover\" srcset=\"https:\/\/www.istanbuljeepsafari.com\/wp-content\/uploads\/WhatsApp-Image-2021-01-02-at-19.10.43-1.jpeg 720w, https:\/\/www.istanbuljeepsafari.com\/wp-content\/uploads\/WhatsApp-Image-2021-01-02-at-19.10.43-1-229x300.jpeg 229w\" sizes=\"auto, (max-width: 720px) 100vw, 720px\" \/><span aria-hidden=\"true\" class=\"wp-block-cover__background has-contrast-dark-background-color has-background-dim-40 has-background-dim\"><\/span><div class=\"wp-block-cover__inner-container is-layout-flow wp-block-cover-is-layout-flow\">\n<div class=\"wp-block-group\"><div class=\"wp-block-group__inner-container is-layout-constrained wp-block-group-is-layout-constrained\">\n<div class=\"wp-block-group\"><div class=\"wp-block-group__inner-container is-layout-constrained wp-container-core-group-is-layout-3e296035 wp-block-group-is-layout-constrained\">\n<p class=\"has-text-align-center has-contrast-light-color has-text-color has-superbfont-medium-font-size\"><\/p>\n<\/div><\/div>\n<\/div><\/div>\n\n\n\n<div class=\"wp-block-group alignwide is-vertical is-content-justification-center is-layout-flex wp-container-core-group-is-layout-2fcd7d7e wp-block-group-is-layout-flex\" style=\"border-radius:20px;padding-top:var(--wp--preset--spacing--superbspacing-xxlarge);padding-right:var(--wp--preset--spacing--superbspacing-xsmall);padding-bottom:var(--wp--preset--spacing--superbspacing-xxlarge);padding-left:var(--wp--preset--spacing--superbspacing-xsmall)\">\n<div class=\"wp-block-buttons wp-container-content-9cfa9a5a is-content-justification-center is-layout-flex wp-container-core-buttons-is-layout-628f73b9 wp-block-buttons-is-layout-flex\">\n<div class=\"wp-block-button is-style-outline is-style-outline--1\"><a class=\"wp-block-button__link has-contrast-light-color has-text-color has-link-color has-border-color has-contrast-light-border-color has-superbfont-small-font-size has-custom-font-size wp-element-button\" style=\"border-width:1px\">(+90) 543 234 36 10<\/a><\/div>\n\n\n\n<div class=\"wp-block-button is-style-outline is-style-outline--2\"><a class=\"wp-block-button__link has-contrast-dark-color has-contrast-light-background-color has-text-color has-background has-link-color has-superbfont-small-font-size has-custom-font-size wp-element-button\">REZERVASYON GEREKL\u0130<\/a><\/div>\n<\/div>\n<\/div>\n<\/div><\/div>\n<\/div><\/div>\n<\/div><\/div>\n\n\n\n<p><\/p>\n","protected":false},"excerpt":{"rendered":"<p>PAKET 1 PAKET 2 PAKET 3<\/p>\n","protected":false},"author":1,"featured_media":0,"parent":0,"menu_order":0,"comment_status":"closed","ping_status":"closed","template":"","meta":{"footnotes":""},"class_list":["post-17","page","type-page","status-publish","hentry"],"yoast_head":"<!-- This site is optimized with the Yoast SEO plugin v22.5 - https:\/\/yoast.com\/wordpress\/plugins\/seo\/ -->\n<title>F\u0130YAT L\u0130STES\u0130 - Istanbul jeep safari<\/title>\n<meta name=\"robots\" content=\"index, follow, max-snippet:-1, max-image-preview:large, max-video-preview:-1\" \/>\n<link rel=\"canonical\" href=\"https:\/\/www.istanbuljeepsafari.com\/index.php\/fiyat-listesi\/\" \/>\n<meta property=\"og:locale\" content=\"tr_TR\" \/>\n<meta property=\"og:type\" content=\"article\" \/>\n<meta property=\"og:title\" content=\"F\u0130YAT L\u0130STES\u0130 - Istanbul jeep safari\" \/>\n<meta property=\"og:description\" content=\"PAKET 1 PAKET 2 PAKET 3\" \/>\n<meta property=\"og:url\" content=\"https:\/\/www.istanbuljeepsafari.com\/index.php\/fiyat-listesi\/\" \/>\n<meta property=\"og:site_name\" content=\"Istanbul jeep safari\" \/>\n<meta property=\"article:publisher\" content=\"https:\/\/www.facebook.com\/offroadjeepsafari\/\" \/>\n<meta property=\"article:modified_time\" content=\"2026-01-10T18:53:01+00:00\" \/>\n<meta property=\"og:image\" content=\"http:\/\/www.istanbuljeepsafari.com\/wp-content\/uploads\/WhatsApp-Image-2021-01-02-at-19.10.44-2.jpeg\" \/>\n<meta name=\"twitter:card\" content=\"summary_large_image\" \/>\n<meta name=\"twitter:label1\" content=\"Tahmini okuma s\u00fcresi\" \/>\n\t<meta name=\"twitter:data1\" content=\"3 dakika\" \/>\n<script type=\"application\/ld+json\" class=\"yoast-schema-graph\">{\"@context\":\"https:\/\/schema.org\",\"@graph\":[{\"@type\":\"WebPage\",\"@id\":\"https:\/\/www.istanbuljeepsafari.com\/index.php\/fiyat-listesi\/\",\"url\":\"https:\/\/www.istanbuljeepsafari.com\/index.php\/fiyat-listesi\/\",\"name\":\"F\u0130YAT L\u0130STES\u0130 - Istanbul jeep safari\",\"isPartOf\":{\"@id\":\"https:\/\/www.istanbuljeepsafari.com\/#website\"},\"primaryImageOfPage\":{\"@id\":\"https:\/\/www.istanbuljeepsafari.com\/index.php\/fiyat-listesi\/#primaryimage\"},\"image\":{\"@id\":\"https:\/\/www.istanbuljeepsafari.com\/index.php\/fiyat-listesi\/#primaryimage\"},\"thumbnailUrl\":\"http:\/\/www.istanbuljeepsafari.com\/wp-content\/uploads\/WhatsApp-Image-2021-01-02-at-19.10.44-2.jpeg\",\"datePublished\":\"2017-04-03T16:21:53+00:00\",\"dateModified\":\"2026-01-10T18:53:01+00:00\",\"breadcrumb\":{\"@id\":\"https:\/\/www.istanbuljeepsafari.com\/index.php\/fiyat-listesi\/#breadcrumb\"},\"inLanguage\":\"tr\",\"potentialAction\":[{\"@type\":\"ReadAction\",\"target\":[\"https:\/\/www.istanbuljeepsafari.com\/index.php\/fiyat-listesi\/\"]}]},{\"@type\":\"ImageObject\",\"inLanguage\":\"tr\",\"@id\":\"https:\/\/www.istanbuljeepsafari.com\/index.php\/fiyat-listesi\/#primaryimage\",\"url\":\"https:\/\/www.istanbuljeepsafari.com\/wp-content\/uploads\/WhatsApp-Image-2021-01-02-at-19.10.44-2.jpeg\",\"contentUrl\":\"https:\/\/www.istanbuljeepsafari.com\/wp-content\/uploads\/WhatsApp-Image-2021-01-02-at-19.10.44-2.jpeg\",\"width\":720,\"height\":935},{\"@type\":\"BreadcrumbList\",\"@id\":\"https:\/\/www.istanbuljeepsafari.com\/index.php\/fiyat-listesi\/#breadcrumb\",\"itemListElement\":[{\"@type\":\"ListItem\",\"position\":1,\"name\":\"Ana sayfa\",\"item\":\"https:\/\/www.istanbuljeepsafari.com\/\"},{\"@type\":\"ListItem\",\"position\":2,\"name\":\"F\u0130YAT L\u0130STES\u0130\"}]},{\"@type\":\"WebSite\",\"@id\":\"https:\/\/www.istanbuljeepsafari.com\/#website\",\"url\":\"https:\/\/www.istanbuljeepsafari.com\/\",\"name\":\"\u0130stanbul jeep safari\",\"description\":\"\u0130stanbul offroad\",\"publisher\":{\"@id\":\"https:\/\/www.istanbuljeepsafari.com\/#organization\"},\"potentialAction\":[{\"@type\":\"SearchAction\",\"target\":{\"@type\":\"EntryPoint\",\"urlTemplate\":\"https:\/\/www.istanbuljeepsafari.com\/?s={search_term_string}\"},\"query-input\":\"required name=search_term_string\"}],\"inLanguage\":\"tr\"},{\"@type\":\"Organization\",\"@id\":\"https:\/\/www.istanbuljeepsafari.com\/#organization\",\"name\":\"\u0130stanbul jeep safari\",\"url\":\"https:\/\/www.istanbuljeepsafari.com\/\",\"logo\":{\"@type\":\"ImageObject\",\"inLanguage\":\"tr\",\"@id\":\"https:\/\/www.istanbuljeepsafari.com\/#\/schema\/logo\/image\/\",\"url\":\"https:\/\/www.istanbuljeepsafari.com\/wp-content\/uploads\/1470411_10202608812960351_843300621_n.jpg\",\"contentUrl\":\"https:\/\/www.istanbuljeepsafari.com\/wp-content\/uploads\/1470411_10202608812960351_843300621_n.jpg\",\"width\":377,\"height\":350,\"caption\":\"\u0130stanbul jeep safari\"},\"image\":{\"@id\":\"https:\/\/www.istanbuljeepsafari.com\/#\/schema\/logo\/image\/\"},\"sameAs\":[\"https:\/\/www.facebook.com\/offroadjeepsafari\/\",\"https:\/\/www.instagram.com\/sotoburak\/?hl=tr\"]}]}<\/script>\n<!-- \/ Yoast SEO plugin. -->","yoast_head_json":{"title":"F\u0130YAT L\u0130STES\u0130 - Istanbul jeep safari","robots":{"index":"index","follow":"follow","max-snippet":"max-snippet:-1","max-image-preview":"max-image-preview:large","max-video-preview":"max-video-preview:-1"},"canonical":"https:\/\/www.istanbuljeepsafari.com\/index.php\/fiyat-listesi\/","og_locale":"tr_TR","og_type":"article","og_title":"F\u0130YAT L\u0130STES\u0130 - Istanbul jeep safari","og_description":"PAKET 1 PAKET 2 PAKET 3","og_url":"https:\/\/www.istanbuljeepsafari.com\/index.php\/fiyat-listesi\/","og_site_name":"Istanbul jeep safari","article_publisher":"https:\/\/www.facebook.com\/offroadjeepsafari\/","article_modified_time":"2026-01-10T18:53:01+00:00","og_image":[{"url":"http:\/\/www.istanbuljeepsafari.com\/wp-content\/uploads\/WhatsApp-Image-2021-01-02-at-19.10.44-2.jpeg"}],"twitter_card":"summary_large_image","twitter_misc":{"Tahmini okuma s\u00fcresi":"3 dakika"},"schema":{"@context":"https:\/\/schema.org","@graph":[{"@type":"WebPage","@id":"https:\/\/www.istanbuljeepsafari.com\/index.php\/fiyat-listesi\/","url":"https:\/\/www.istanbuljeepsafari.com\/index.php\/fiyat-listesi\/","name":"F\u0130YAT L\u0130STES\u0130 - Istanbul jeep safari","isPartOf":{"@id":"https:\/\/www.istanbuljeepsafari.com\/#website"},"primaryImageOfPage":{"@id":"https:\/\/www.istanbuljeepsafari.com\/index.php\/fiyat-listesi\/#primaryimage"},"image":{"@id":"https:\/\/www.istanbuljeepsafari.com\/index.php\/fiyat-listesi\/#primaryimage"},"thumbnailUrl":"http:\/\/www.istanbuljeepsafari.com\/wp-content\/uploads\/WhatsApp-Image-2021-01-02-at-19.10.44-2.jpeg","datePublished":"2017-04-03T16:21:53+00:00","dateModified":"2026-01-10T18:53:01+00:00","breadcrumb":{"@id":"https:\/\/www.istanbuljeepsafari.com\/index.php\/fiyat-listesi\/#breadcrumb"},"inLanguage":"tr","potentialAction":[{"@type":"ReadAction","target":["https:\/\/www.istanbuljeepsafari.com\/index.php\/fiyat-listesi\/"]}]},{"@type":"ImageObject","inLanguage":"tr","@id":"https:\/\/www.istanbuljeepsafari.com\/index.php\/fiyat-listesi\/#primaryimage","url":"https:\/\/www.istanbuljeepsafari.com\/wp-content\/uploads\/WhatsApp-Image-2021-01-02-at-19.10.44-2.jpeg","contentUrl":"https:\/\/www.istanbuljeepsafari.com\/wp-content\/uploads\/WhatsApp-Image-2021-01-02-at-19.10.44-2.jpeg","width":720,"height":935},{"@type":"BreadcrumbList","@id":"https:\/\/www.istanbuljeepsafari.com\/index.php\/fiyat-listesi\/#breadcrumb","itemListElement":[{"@type":"ListItem","position":1,"name":"Ana sayfa","item":"https:\/\/www.istanbuljeepsafari.com\/"},{"@type":"ListItem","position":2,"name":"F\u0130YAT L\u0130STES\u0130"}]},{"@type":"WebSite","@id":"https:\/\/www.istanbuljeepsafari.com\/#website","url":"https:\/\/www.istanbuljeepsafari.com\/","name":"\u0130stanbul jeep safari","description":"\u0130stanbul offroad","publisher":{"@id":"https:\/\/www.istanbuljeepsafari.com\/#organization"},"potentialAction":[{"@type":"SearchAction","target":{"@type":"EntryPoint","urlTemplate":"https:\/\/www.istanbuljeepsafari.com\/?s={search_term_string}"},"query-input":"required name=search_term_string"}],"inLanguage":"tr"},{"@type":"Organization","@id":"https:\/\/www.istanbuljeepsafari.com\/#organization","name":"\u0130stanbul jeep safari","url":"https:\/\/www.istanbuljeepsafari.com\/","logo":{"@type":"ImageObject","inLanguage":"tr","@id":"https:\/\/www.istanbuljeepsafari.com\/#\/schema\/logo\/image\/","url":"https:\/\/www.istanbuljeepsafari.com\/wp-content\/uploads\/1470411_10202608812960351_843300621_n.jpg","contentUrl":"https:\/\/www.istanbuljeepsafari.com\/wp-content\/uploads\/1470411_10202608812960351_843300621_n.jpg","width":377,"height":350,"caption":"\u0130stanbul jeep safari"},"image":{"@id":"https:\/\/www.istanbuljeepsafari.com\/#\/schema\/logo\/image\/"},"sameAs":["https:\/\/www.facebook.com\/offroadjeepsafari\/","https:\/\/www.instagram.com\/sotoburak\/?hl=tr"]}]}},"_links":{"self":[{"href":"https:\/\/www.istanbuljeepsafari.com\/index.php\/wp-json\/wp\/v2\/pages\/17","targetHints":{"allow":["GET"]}}],"collection":[{"href":"https:\/\/www.istanbuljeepsafari.com\/index.php\/wp-json\/wp\/v2\/pages"}],"about":[{"href":"https:\/\/www.istanbuljeepsafari.com\/index.php\/wp-json\/wp\/v2\/types\/page"}],"author":[{"embeddable":true,"href":"https:\/\/www.istanbuljeepsafari.com\/index.php\/wp-json\/wp\/v2\/users\/1"}],"replies":[{"embeddable":true,"href":"https:\/\/www.istanbuljeepsafari.com\/index.php\/wp-json\/wp\/v2\/comments?post=17"}],"version-history":[{"count":66,"href":"https:\/\/www.istanbuljeepsafari.com\/index.php\/wp-json\/wp\/v2\/pages\/17\/revisions"}],"predecessor-version":[{"id":389,"href":"https:\/\/www.istanbuljeepsafari.com\/index.php\/wp-json\/wp\/v2\/pages\/17\/revisions\/389"}],"wp:attachment":[{"href":"https:\/\/www.istanbuljeepsafari.com\/index.php\/wp-json\/wp\/v2\/media?parent=17"}],"curies":[{"name":"wp","href":"https:\/\/api.w.org\/{rel}","templated":true}]}}