{"id":2,"date":"2017-04-01T14:14:36","date_gmt":"2017-04-01T11:14:36","guid":{"rendered":"http:\/\/www.istanbuljeepsafari.com\/?page_id=2"},"modified":"2026-01-11T13:43:10","modified_gmt":"2026-01-11T10:43:10","slug":"videolar","status":"publish","type":"page","link":"https:\/\/www.istanbuljeepsafari.com\/index.php\/videolar\/","title":{"rendered":"Videolar"},"content":{"rendered":"<p><iframe loading=\"lazy\" title=\"\u0130stanbul Jeep Safari Offroad Deneyimi \u00c7amurlu Su ge\u00e7i\u015fi\" width=\"640\" height=\"360\" src=\"https:\/\/www.youtube.com\/embed\/x-FhdXTLoJQ?feature=oembed\" frameborder=\"0\" allow=\"accelerometer; autoplay; clipboard-write; encrypted-media; gyroscope; picture-in-picture; web-share\" referrerpolicy=\"strict-origin-when-cross-origin\" allowfullscreen><\/iframe><\/p>\n<p><iframe loading=\"lazy\" title=\"\u0130stanbul Jeep Safari Offroad Deneyimi may\u0131s 2015\" width=\"640\" height=\"360\" src=\"https:\/\/www.youtube.com\/embed\/w2wdz_St9K8?feature=oembed\" frameborder=\"0\" allow=\"accelerometer; autoplay; clipboard-write; encrypted-media; gyroscope; picture-in-picture; web-share\" referrerpolicy=\"strict-origin-when-cross-origin\" allowfullscreen><\/iframe><\/p>\n<p><iframe loading=\"lazy\" title=\"\u0130stanbul Jeep Safari Offroad E\u011fitimi\" width=\"640\" height=\"360\" src=\"https:\/\/www.youtube.com\/embed\/JjyCU9Cfx58?feature=oembed\" frameborder=\"0\" allow=\"accelerometer; autoplay; clipboard-write; encrypted-media; gyroscope; picture-in-picture; web-share\" referrerpolicy=\"strict-origin-when-cross-origin\" allowfullscreen><\/iframe><\/p>\n<p><iframe loading=\"lazy\" title=\"\u0130stanbul jeep safari Su ge\u00e7i\u015fi deneyim etab\u0131\" width=\"640\" height=\"360\" src=\"https:\/\/www.youtube.com\/embed\/Xnhs1_UyEKk?feature=oembed\" frameborder=\"0\" allow=\"accelerometer; autoplay; clipboard-write; encrypted-media; gyroscope; picture-in-picture; web-share\" referrerpolicy=\"strict-origin-when-cross-origin\" allowfullscreen><\/iframe><\/p>\n<p><iframe loading=\"lazy\" title=\"\ud83d\ude99 \u0130stanbul Jeep Safari \u2013 \u015eehrin Ortas\u0131nda Unutulmaz Bir Macera!\" width=\"640\" height=\"360\" src=\"https:\/\/www.youtube.com\/embed\/8hTG0G3IdOE?feature=oembed\" frameborder=\"0\" allow=\"accelerometer; autoplay; clipboard-write; encrypted-media; gyroscope; picture-in-picture; web-share\" referrerpolicy=\"strict-origin-when-cross-origin\" allowfullscreen><\/iframe><\/p>\n\n\n<figure class=\"wp-block-embed is-type-video is-provider-youtube wp-block-embed-youtube wp-embed-aspect-16-9 wp-has-aspect-ratio\"><div class=\"wp-block-embed__wrapper\">\n<iframe loading=\"lazy\" title=\"\ud83d\ude99 \u0130stanbul Off-Road Safari \u2013 \u00c7amur, Su ve Ger\u00e7ek Macera!\" width=\"640\" height=\"360\" src=\"https:\/\/www.youtube.com\/embed\/v9zVt5qkjSY?feature=oembed\" frameborder=\"0\" allow=\"accelerometer; autoplay; clipboard-write; encrypted-media; gyroscope; picture-in-picture; web-share\" referrerpolicy=\"strict-origin-when-cross-origin\" allowfullscreen><\/iframe>\n<\/div><\/figure>\n\n\n\n<figure class=\"wp-block-embed is-type-video is-provider-youtube wp-block-embed-youtube wp-embed-aspect-16-9 wp-has-aspect-ratio\"><div class=\"wp-block-embed__wrapper\">\n<iframe loading=\"lazy\" title=\"\ud83d\udea8 Off-Road Kurtarma Operasyonu | \u0130stanbul Jeep Safari Profesyonel M\u00fcdahale An\u0131\" width=\"640\" height=\"360\" src=\"https:\/\/www.youtube.com\/embed\/SqbRLjCFEH8?feature=oembed\" frameborder=\"0\" allow=\"accelerometer; autoplay; clipboard-write; encrypted-media; gyroscope; picture-in-picture; web-share\" referrerpolicy=\"strict-origin-when-cross-origin\" allowfullscreen><\/iframe>\n<\/div><\/figure>\n\n\n\n<figure class=\"wp-block-embed is-type-video is-provider-youtube wp-block-embed-youtube wp-embed-aspect-16-9 wp-has-aspect-ratio\"><div class=\"wp-block-embed__wrapper\">\n<iframe loading=\"lazy\" title=\"\u0130stanbul Jeep Safari Offroad Deneyimi Pilot Burak KARABULUT\" width=\"640\" height=\"360\" src=\"https:\/\/www.youtube.com\/embed\/9RJj1yAbp9A?feature=oembed\" frameborder=\"0\" allow=\"accelerometer; autoplay; clipboard-write; encrypted-media; gyroscope; picture-in-picture; web-share\" referrerpolicy=\"strict-origin-when-cross-origin\" allowfullscreen><\/iframe>\n<\/div><\/figure>\n","protected":false},"excerpt":{"rendered":"","protected":false},"author":1,"featured_media":0,"parent":0,"menu_order":0,"comment_status":"closed","ping_status":"open","template":"","meta":{"footnotes":""},"class_list":["post-2","page","type-page","status-publish","hentry"],"yoast_head":"<!-- This site is optimized with the Yoast SEO plugin v22.5 - https:\/\/yoast.com\/wordpress\/plugins\/seo\/ -->\n<title>Videolar - Istanbul jeep safari<\/title>\n<meta name=\"robots\" content=\"index, follow, max-snippet:-1, max-image-preview:large, max-video-preview:-1\" \/>\n<link rel=\"canonical\" href=\"https:\/\/www.istanbuljeepsafari.com\/index.php\/videolar\/\" \/>\n<meta property=\"og:locale\" content=\"tr_TR\" \/>\n<meta property=\"og:type\" content=\"article\" \/>\n<meta property=\"og:title\" content=\"Videolar - Istanbul jeep safari\" \/>\n<meta property=\"og:url\" content=\"https:\/\/www.istanbuljeepsafari.com\/index.php\/videolar\/\" \/>\n<meta property=\"og:site_name\" content=\"Istanbul jeep safari\" \/>\n<meta property=\"article:publisher\" content=\"https:\/\/www.facebook.com\/offroadjeepsafari\/\" \/>\n<meta property=\"article:modified_time\" content=\"2026-01-11T10:43:10+00:00\" \/>\n<meta name=\"twitter:card\" content=\"summary_large_image\" \/>\n<meta name=\"twitter:label1\" content=\"Tahmini okuma s\u00fcresi\" \/>\n\t<meta name=\"twitter:data1\" content=\"1 dakika\" \/>\n<script type=\"application\/ld+json\" class=\"yoast-schema-graph\">{\"@context\":\"https:\/\/schema.org\",\"@graph\":[{\"@type\":\"WebPage\",\"@id\":\"https:\/\/www.istanbuljeepsafari.com\/index.php\/videolar\/\",\"url\":\"https:\/\/www.istanbuljeepsafari.com\/index.php\/videolar\/\",\"name\":\"Videolar - Istanbul jeep safari\",\"isPartOf\":{\"@id\":\"https:\/\/www.istanbuljeepsafari.com\/#website\"},\"datePublished\":\"2017-04-01T11:14:36+00:00\",\"dateModified\":\"2026-01-11T10:43:10+00:00\",\"breadcrumb\":{\"@id\":\"https:\/\/www.istanbuljeepsafari.com\/index.php\/videolar\/#breadcrumb\"},\"inLanguage\":\"tr\",\"potentialAction\":[{\"@type\":\"ReadAction\",\"target\":[\"https:\/\/www.istanbuljeepsafari.com\/index.php\/videolar\/\"]}]},{\"@type\":\"BreadcrumbList\",\"@id\":\"https:\/\/www.istanbuljeepsafari.com\/index.php\/videolar\/#breadcrumb\",\"itemListElement\":[{\"@type\":\"ListItem\",\"position\":1,\"name\":\"Ana sayfa\",\"item\":\"https:\/\/www.istanbuljeepsafari.com\/\"},{\"@type\":\"ListItem\",\"position\":2,\"name\":\"Videolar\"}]},{\"@type\":\"WebSite\",\"@id\":\"https:\/\/www.istanbuljeepsafari.com\/#website\",\"url\":\"https:\/\/www.istanbuljeepsafari.com\/\",\"name\":\"\u0130stanbul jeep safari\",\"description\":\"\u0130stanbul offroad\",\"publisher\":{\"@id\":\"https:\/\/www.istanbuljeepsafari.com\/#organization\"},\"potentialAction\":[{\"@type\":\"SearchAction\",\"target\":{\"@type\":\"EntryPoint\",\"urlTemplate\":\"https:\/\/www.istanbuljeepsafari.com\/?s={search_term_string}\"},\"query-input\":\"required name=search_term_string\"}],\"inLanguage\":\"tr\"},{\"@type\":\"Organization\",\"@id\":\"https:\/\/www.istanbuljeepsafari.com\/#organization\",\"name\":\"\u0130stanbul jeep safari\",\"url\":\"https:\/\/www.istanbuljeepsafari.com\/\",\"logo\":{\"@type\":\"ImageObject\",\"inLanguage\":\"tr\",\"@id\":\"https:\/\/www.istanbuljeepsafari.com\/#\/schema\/logo\/image\/\",\"url\":\"https:\/\/www.istanbuljeepsafari.com\/wp-content\/uploads\/1470411_10202608812960351_843300621_n.jpg\",\"contentUrl\":\"https:\/\/www.istanbuljeepsafari.com\/wp-content\/uploads\/1470411_10202608812960351_843300621_n.jpg\",\"width\":377,\"height\":350,\"caption\":\"\u0130stanbul jeep safari\"},\"image\":{\"@id\":\"https:\/\/www.istanbuljeepsafari.com\/#\/schema\/logo\/image\/\"},\"sameAs\":[\"https:\/\/www.facebook.com\/offroadjeepsafari\/\",\"https:\/\/www.instagram.com\/sotoburak\/?hl=tr\"]}]}<\/script>\n<!-- \/ Yoast SEO plugin. -->","yoast_head_json":{"title":"Videolar - Istanbul jeep safari","robots":{"index":"index","follow":"follow","max-snippet":"max-snippet:-1","max-image-preview":"max-image-preview:large","max-video-preview":"max-video-preview:-1"},"canonical":"https:\/\/www.istanbuljeepsafari.com\/index.php\/videolar\/","og_locale":"tr_TR","og_type":"article","og_title":"Videolar - Istanbul jeep safari","og_url":"https:\/\/www.istanbuljeepsafari.com\/index.php\/videolar\/","og_site_name":"Istanbul jeep safari","article_publisher":"https:\/\/www.facebook.com\/offroadjeepsafari\/","article_modified_time":"2026-01-11T10:43:10+00:00","twitter_card":"summary_large_image","twitter_misc":{"Tahmini okuma s\u00fcresi":"1 dakika"},"schema":{"@context":"https:\/\/schema.org","@graph":[{"@type":"WebPage","@id":"https:\/\/www.istanbuljeepsafari.com\/index.php\/videolar\/","url":"https:\/\/www.istanbuljeepsafari.com\/index.php\/videolar\/","name":"Videolar - Istanbul jeep safari","isPartOf":{"@id":"https:\/\/www.istanbuljeepsafari.com\/#website"},"datePublished":"2017-04-01T11:14:36+00:00","dateModified":"2026-01-11T10:43:10+00:00","breadcrumb":{"@id":"https:\/\/www.istanbuljeepsafari.com\/index.php\/videolar\/#breadcrumb"},"inLanguage":"tr","potentialAction":[{"@type":"ReadAction","target":["https:\/\/www.istanbuljeepsafari.com\/index.php\/videolar\/"]}]},{"@type":"BreadcrumbList","@id":"https:\/\/www.istanbuljeepsafari.com\/index.php\/videolar\/#breadcrumb","itemListElement":[{"@type":"ListItem","position":1,"name":"Ana sayfa","item":"https:\/\/www.istanbuljeepsafari.com\/"},{"@type":"ListItem","position":2,"name":"Videolar"}]},{"@type":"WebSite","@id":"https:\/\/www.istanbuljeepsafari.com\/#website","url":"https:\/\/www.istanbuljeepsafari.com\/","name":"\u0130stanbul jeep safari","description":"\u0130stanbul offroad","publisher":{"@id":"https:\/\/www.istanbuljeepsafari.com\/#organization"},"potentialAction":[{"@type":"SearchAction","target":{"@type":"EntryPoint","urlTemplate":"https:\/\/www.istanbuljeepsafari.com\/?s={search_term_string}"},"query-input":"required name=search_term_string"}],"inLanguage":"tr"},{"@type":"Organization","@id":"https:\/\/www.istanbuljeepsafari.com\/#organization","name":"\u0130stanbul jeep safari","url":"https:\/\/www.istanbuljeepsafari.com\/","logo":{"@type":"ImageObject","inLanguage":"tr","@id":"https:\/\/www.istanbuljeepsafari.com\/#\/schema\/logo\/image\/","url":"https:\/\/www.istanbuljeepsafari.com\/wp-content\/uploads\/1470411_10202608812960351_843300621_n.jpg","contentUrl":"https:\/\/www.istanbuljeepsafari.com\/wp-content\/uploads\/1470411_10202608812960351_843300621_n.jpg","width":377,"height":350,"caption":"\u0130stanbul jeep safari"},"image":{"@id":"https:\/\/www.istanbuljeepsafari.com\/#\/schema\/logo\/image\/"},"sameAs":["https:\/\/www.facebook.com\/offroadjeepsafari\/","https:\/\/www.instagram.com\/sotoburak\/?hl=tr"]}]}},"_links":{"self":[{"href":"https:\/\/www.istanbuljeepsafari.com\/index.php\/wp-json\/wp\/v2\/pages\/2","targetHints":{"allow":["GET"]}}],"collection":[{"href":"https:\/\/www.istanbuljeepsafari.com\/index.php\/wp-json\/wp\/v2\/pages"}],"about":[{"href":"https:\/\/www.istanbuljeepsafari.com\/index.php\/wp-json\/wp\/v2\/types\/page"}],"author":[{"embeddable":true,"href":"https:\/\/www.istanbuljeepsafari.com\/index.php\/wp-json\/wp\/v2\/users\/1"}],"replies":[{"embeddable":true,"href":"https:\/\/www.istanbuljeepsafari.com\/index.php\/wp-json\/wp\/v2\/comments?post=2"}],"version-history":[{"count":7,"href":"https:\/\/www.istanbuljeepsafari.com\/index.php\/wp-json\/wp\/v2\/pages\/2\/revisions"}],"predecessor-version":[{"id":421,"href":"https:\/\/www.istanbuljeepsafari.com\/index.php\/wp-json\/wp\/v2\/pages\/2\/revisions\/421"}],"wp:attachment":[{"href":"https:\/\/www.istanbuljeepsafari.com\/index.php\/wp-json\/wp\/v2\/media?parent=2"}],"curies":[{"name":"wp","href":"https:\/\/api.w.org\/{rel}","templated":true}]}}