{"id":22,"date":"2017-04-03T19:23:43","date_gmt":"2017-04-03T16:23:43","guid":{"rendered":"http:\/\/www.istanbuljeepsafari.com\/?page_id=22"},"modified":"2026-01-10T23:08:32","modified_gmt":"2026-01-10T20:08:32","slug":"basinda-biz","status":"publish","type":"page","link":"https:\/\/www.istanbuljeepsafari.com\/index.php\/basinda-biz\/","title":{"rendered":"Bas\u0131nda Biz"},"content":{"rendered":"<div class=\"wp-block-image is-style-rounded\">\n<figure class=\"alignleft\"><img loading=\"lazy\" decoding=\"async\" width=\"169\" height=\"300\" src=\"https:\/\/www.istanbuljeepsafari.com\/wp-content\/uploads\/WhatsApp-Image-2018-03-27-at-11.41.29-169x300.jpeg\" alt=\"\" class=\"wp-image-138\" srcset=\"https:\/\/www.istanbuljeepsafari.com\/wp-content\/uploads\/WhatsApp-Image-2018-03-27-at-11.41.29-169x300.jpeg 169w, https:\/\/www.istanbuljeepsafari.com\/wp-content\/uploads\/WhatsApp-Image-2018-03-27-at-11.41.29.jpeg 540w\" sizes=\"auto, (max-width: 169px) 100vw, 169px\" \/><\/figure>\n<\/div>\n\n<div class=\"wp-block-image is-style-rounded\">\n<figure class=\"alignright\"><img loading=\"lazy\" decoding=\"async\" width=\"169\" height=\"300\" src=\"https:\/\/www.istanbuljeepsafari.com\/wp-content\/uploads\/WhatsApp-Image-2018-03-27-at-11.41.29-1-169x300.jpeg\" alt=\"\" class=\"wp-image-139\" srcset=\"https:\/\/www.istanbuljeepsafari.com\/wp-content\/uploads\/WhatsApp-Image-2018-03-27-at-11.41.29-1-169x300.jpeg 169w, https:\/\/www.istanbuljeepsafari.com\/wp-content\/uploads\/WhatsApp-Image-2018-03-27-at-11.41.29-1.jpeg 540w\" sizes=\"auto, (max-width: 169px) 100vw, 169px\" \/><\/figure>\n<\/div>\n\n<div class=\"wp-block-image is-style-rounded\">\n<figure class=\"aligncenter\"><img loading=\"lazy\" decoding=\"async\" width=\"169\" height=\"300\" src=\"https:\/\/www.istanbuljeepsafari.com\/wp-content\/uploads\/WhatsApp-Image-2018-03-27-at-11.41.29-2-169x300.jpeg\" alt=\"\" class=\"wp-image-140\" srcset=\"https:\/\/www.istanbuljeepsafari.com\/wp-content\/uploads\/WhatsApp-Image-2018-03-27-at-11.41.29-2-169x300.jpeg 169w, https:\/\/www.istanbuljeepsafari.com\/wp-content\/uploads\/WhatsApp-Image-2018-03-27-at-11.41.29-2.jpeg 540w\" sizes=\"auto, (max-width: 169px) 100vw, 169px\" \/><\/figure>\n<\/div>\n\n\n<p><\/p>\n\n\n<div class=\"wp-block-image is-style-rounded\">\n<figure class=\"aligncenter\"><img loading=\"lazy\" decoding=\"async\" width=\"225\" height=\"300\" src=\"https:\/\/www.istanbuljeepsafari.com\/wp-content\/uploads\/bas\u0131n-3-225x300.jpg\" alt=\"\" class=\"wp-image-132\" srcset=\"https:\/\/www.istanbuljeepsafari.com\/wp-content\/uploads\/bas\u0131n-3-225x300.jpg 225w, https:\/\/www.istanbuljeepsafari.com\/wp-content\/uploads\/bas\u0131n-3.jpg 720w\" sizes=\"auto, (max-width: 225px) 100vw, 225px\" \/><\/figure>\n<\/div>\n\n<div class=\"wp-block-image is-style-rounded\">\n<figure class=\"aligncenter\"><img loading=\"lazy\" decoding=\"async\" width=\"300\" height=\"225\" src=\"https:\/\/www.istanbuljeepsafari.com\/wp-content\/uploads\/bas\u0131n-2-300x225.jpg\" alt=\"\" class=\"wp-image-131\" srcset=\"https:\/\/www.istanbuljeepsafari.com\/wp-content\/uploads\/bas\u0131n-2-300x225.jpg 300w, https:\/\/www.istanbuljeepsafari.com\/wp-content\/uploads\/bas\u0131n-2-768x576.jpg 768w, https:\/\/www.istanbuljeepsafari.com\/wp-content\/uploads\/bas\u0131n-2.jpg 960w\" sizes=\"auto, (max-width: 300px) 100vw, 300px\" \/><\/figure>\n<\/div>\n\n\n<p>&nbsp; <\/p>\n\n\n\n<figure class=\"wp-block-embed is-type-video is-provider-youtube wp-block-embed-youtube wp-embed-aspect-4-3 wp-has-aspect-ratio\"><div class=\"wp-block-embed__wrapper\">\n<iframe loading=\"lazy\" title=\"TVNET - TRENDLER - 02.08.2015\" width=\"640\" height=\"480\" src=\"https:\/\/www.youtube.com\/embed\/_G88scb7Cc8?feature=oembed\" frameborder=\"0\" allow=\"accelerometer; autoplay; clipboard-write; encrypted-media; gyroscope; picture-in-picture; web-share\" referrerpolicy=\"strict-origin-when-cross-origin\" allowfullscreen><\/iframe>\n<\/div><\/figure>\n\n\n\n<iframe loading=\"lazy\" title=\"Sporun Kad\u0131nlar\u0131 26. B\u00f6l\u00fcm - Melis Aks\u00f6z\" width=\"640\" height=\"360\" src=\"https:\/\/www.youtube.com\/embed\/KpmhpLoZ_Bo?feature=oembed\" frameborder=\"0\" allow=\"accelerometer; autoplay; clipboard-write; encrypted-media; gyroscope; picture-in-picture; web-share\" referrerpolicy=\"strict-origin-when-cross-origin\" allowfullscreen><\/iframe>\n\n\n\n<iframe loading=\"lazy\" title=\"POLONEZK\u00d6Y&#039;DE OFFROAD YAPTIM !\" width=\"640\" height=\"360\" src=\"https:\/\/www.youtube.com\/embed\/axq3c3zRlL8?feature=oembed\" frameborder=\"0\" allow=\"accelerometer; autoplay; clipboard-write; encrypted-media; gyroscope; picture-in-picture; web-share\" referrerpolicy=\"strict-origin-when-cross-origin\" allowfullscreen><\/iframe>\n\n\n\n<figure class=\"wp-block-embed is-type-video is-provider-youtube wp-block-embed-youtube wp-embed-aspect-16-9 wp-has-aspect-ratio\"><div class=\"wp-block-embed__wrapper\">\n<iframe loading=\"lazy\" title=\"\u062a\u062c\u0631\u0628\u0647 \u0647\u06cc\u062c\u0627\u0646 \u0627\u0646\u06af\u06cc\u0632 \u0622\u0641\u0631\u0648\u062f \u062f\u0631 \u0627\u0633\u062a\u0627\u0646\u0628\u0648\u0644 \u0628\u0627 \u0627\u0644\u0648 \u062a\u0631\u06a9\u06cc\u0647\" width=\"640\" height=\"360\" src=\"https:\/\/www.youtube.com\/embed\/s4eRjNJ2Xjk?feature=oembed\" frameborder=\"0\" allow=\"accelerometer; autoplay; clipboard-write; encrypted-media; gyroscope; picture-in-picture; web-share\" referrerpolicy=\"strict-origin-when-cross-origin\" allowfullscreen><\/iframe>\n<\/div><\/figure>\n","protected":false},"excerpt":{"rendered":"<p>&nbsp;<\/p>\n","protected":false},"author":1,"featured_media":0,"parent":0,"menu_order":0,"comment_status":"closed","ping_status":"closed","template":"","meta":{"footnotes":""},"class_list":["post-22","page","type-page","status-publish","hentry"],"yoast_head":"<!-- This site is optimized with the Yoast SEO plugin v22.5 - https:\/\/yoast.com\/wordpress\/plugins\/seo\/ -->\n<title>Bas\u0131nda Biz - Istanbul jeep safari<\/title>\n<meta name=\"robots\" content=\"index, follow, max-snippet:-1, max-image-preview:large, max-video-preview:-1\" \/>\n<link rel=\"canonical\" href=\"https:\/\/www.istanbuljeepsafari.com\/index.php\/basinda-biz\/\" \/>\n<meta property=\"og:locale\" content=\"tr_TR\" \/>\n<meta property=\"og:type\" content=\"article\" \/>\n<meta property=\"og:title\" content=\"Bas\u0131nda Biz - Istanbul jeep safari\" \/>\n<meta property=\"og:description\" content=\"&nbsp;\" \/>\n<meta property=\"og:url\" content=\"https:\/\/www.istanbuljeepsafari.com\/index.php\/basinda-biz\/\" \/>\n<meta property=\"og:site_name\" content=\"Istanbul jeep safari\" \/>\n<meta property=\"article:publisher\" content=\"https:\/\/www.facebook.com\/offroadjeepsafari\/\" \/>\n<meta property=\"article:modified_time\" content=\"2026-01-10T20:08:32+00:00\" \/>\n<meta property=\"og:image\" content=\"http:\/\/www.istanbuljeepsafari.com\/wp-content\/uploads\/WhatsApp-Image-2018-03-27-at-11.41.29-169x300.jpeg\" \/>\n<meta name=\"twitter:card\" content=\"summary_large_image\" \/>\n<meta name=\"twitter:label1\" content=\"Tahmini okuma s\u00fcresi\" \/>\n\t<meta name=\"twitter:data1\" content=\"2 dakika\" \/>\n<script type=\"application\/ld+json\" class=\"yoast-schema-graph\">{\"@context\":\"https:\/\/schema.org\",\"@graph\":[{\"@type\":\"WebPage\",\"@id\":\"https:\/\/www.istanbuljeepsafari.com\/index.php\/basinda-biz\/\",\"url\":\"https:\/\/www.istanbuljeepsafari.com\/index.php\/basinda-biz\/\",\"name\":\"Bas\u0131nda Biz - Istanbul jeep safari\",\"isPartOf\":{\"@id\":\"https:\/\/www.istanbuljeepsafari.com\/#website\"},\"primaryImageOfPage\":{\"@id\":\"https:\/\/www.istanbuljeepsafari.com\/index.php\/basinda-biz\/#primaryimage\"},\"image\":{\"@id\":\"https:\/\/www.istanbuljeepsafari.com\/index.php\/basinda-biz\/#primaryimage\"},\"thumbnailUrl\":\"http:\/\/www.istanbuljeepsafari.com\/wp-content\/uploads\/WhatsApp-Image-2018-03-27-at-11.41.29-169x300.jpeg\",\"datePublished\":\"2017-04-03T16:23:43+00:00\",\"dateModified\":\"2026-01-10T20:08:32+00:00\",\"breadcrumb\":{\"@id\":\"https:\/\/www.istanbuljeepsafari.com\/index.php\/basinda-biz\/#breadcrumb\"},\"inLanguage\":\"tr\",\"potentialAction\":[{\"@type\":\"ReadAction\",\"target\":[\"https:\/\/www.istanbuljeepsafari.com\/index.php\/basinda-biz\/\"]}]},{\"@type\":\"ImageObject\",\"inLanguage\":\"tr\",\"@id\":\"https:\/\/www.istanbuljeepsafari.com\/index.php\/basinda-biz\/#primaryimage\",\"url\":\"https:\/\/www.istanbuljeepsafari.com\/wp-content\/uploads\/WhatsApp-Image-2018-03-27-at-11.41.29.jpeg\",\"contentUrl\":\"https:\/\/www.istanbuljeepsafari.com\/wp-content\/uploads\/WhatsApp-Image-2018-03-27-at-11.41.29.jpeg\",\"width\":540,\"height\":960},{\"@type\":\"BreadcrumbList\",\"@id\":\"https:\/\/www.istanbuljeepsafari.com\/index.php\/basinda-biz\/#breadcrumb\",\"itemListElement\":[{\"@type\":\"ListItem\",\"position\":1,\"name\":\"Ana sayfa\",\"item\":\"https:\/\/www.istanbuljeepsafari.com\/\"},{\"@type\":\"ListItem\",\"position\":2,\"name\":\"Bas\u0131nda Biz\"}]},{\"@type\":\"WebSite\",\"@id\":\"https:\/\/www.istanbuljeepsafari.com\/#website\",\"url\":\"https:\/\/www.istanbuljeepsafari.com\/\",\"name\":\"\u0130stanbul jeep safari\",\"description\":\"\u0130stanbul offroad\",\"publisher\":{\"@id\":\"https:\/\/www.istanbuljeepsafari.com\/#organization\"},\"potentialAction\":[{\"@type\":\"SearchAction\",\"target\":{\"@type\":\"EntryPoint\",\"urlTemplate\":\"https:\/\/www.istanbuljeepsafari.com\/?s={search_term_string}\"},\"query-input\":\"required name=search_term_string\"}],\"inLanguage\":\"tr\"},{\"@type\":\"Organization\",\"@id\":\"https:\/\/www.istanbuljeepsafari.com\/#organization\",\"name\":\"\u0130stanbul jeep safari\",\"url\":\"https:\/\/www.istanbuljeepsafari.com\/\",\"logo\":{\"@type\":\"ImageObject\",\"inLanguage\":\"tr\",\"@id\":\"https:\/\/www.istanbuljeepsafari.com\/#\/schema\/logo\/image\/\",\"url\":\"https:\/\/www.istanbuljeepsafari.com\/wp-content\/uploads\/1470411_10202608812960351_843300621_n.jpg\",\"contentUrl\":\"https:\/\/www.istanbuljeepsafari.com\/wp-content\/uploads\/1470411_10202608812960351_843300621_n.jpg\",\"width\":377,\"height\":350,\"caption\":\"\u0130stanbul jeep safari\"},\"image\":{\"@id\":\"https:\/\/www.istanbuljeepsafari.com\/#\/schema\/logo\/image\/\"},\"sameAs\":[\"https:\/\/www.facebook.com\/offroadjeepsafari\/\",\"https:\/\/www.instagram.com\/sotoburak\/?hl=tr\"]}]}<\/script>\n<!-- \/ Yoast SEO plugin. -->","yoast_head_json":{"title":"Bas\u0131nda Biz - Istanbul jeep safari","robots":{"index":"index","follow":"follow","max-snippet":"max-snippet:-1","max-image-preview":"max-image-preview:large","max-video-preview":"max-video-preview:-1"},"canonical":"https:\/\/www.istanbuljeepsafari.com\/index.php\/basinda-biz\/","og_locale":"tr_TR","og_type":"article","og_title":"Bas\u0131nda Biz - Istanbul jeep safari","og_description":"&nbsp;","og_url":"https:\/\/www.istanbuljeepsafari.com\/index.php\/basinda-biz\/","og_site_name":"Istanbul jeep safari","article_publisher":"https:\/\/www.facebook.com\/offroadjeepsafari\/","article_modified_time":"2026-01-10T20:08:32+00:00","og_image":[{"url":"http:\/\/www.istanbuljeepsafari.com\/wp-content\/uploads\/WhatsApp-Image-2018-03-27-at-11.41.29-169x300.jpeg"}],"twitter_card":"summary_large_image","twitter_misc":{"Tahmini okuma s\u00fcresi":"2 dakika"},"schema":{"@context":"https:\/\/schema.org","@graph":[{"@type":"WebPage","@id":"https:\/\/www.istanbuljeepsafari.com\/index.php\/basinda-biz\/","url":"https:\/\/www.istanbuljeepsafari.com\/index.php\/basinda-biz\/","name":"Bas\u0131nda Biz - Istanbul jeep safari","isPartOf":{"@id":"https:\/\/www.istanbuljeepsafari.com\/#website"},"primaryImageOfPage":{"@id":"https:\/\/www.istanbuljeepsafari.com\/index.php\/basinda-biz\/#primaryimage"},"image":{"@id":"https:\/\/www.istanbuljeepsafari.com\/index.php\/basinda-biz\/#primaryimage"},"thumbnailUrl":"http:\/\/www.istanbuljeepsafari.com\/wp-content\/uploads\/WhatsApp-Image-2018-03-27-at-11.41.29-169x300.jpeg","datePublished":"2017-04-03T16:23:43+00:00","dateModified":"2026-01-10T20:08:32+00:00","breadcrumb":{"@id":"https:\/\/www.istanbuljeepsafari.com\/index.php\/basinda-biz\/#breadcrumb"},"inLanguage":"tr","potentialAction":[{"@type":"ReadAction","target":["https:\/\/www.istanbuljeepsafari.com\/index.php\/basinda-biz\/"]}]},{"@type":"ImageObject","inLanguage":"tr","@id":"https:\/\/www.istanbuljeepsafari.com\/index.php\/basinda-biz\/#primaryimage","url":"https:\/\/www.istanbuljeepsafari.com\/wp-content\/uploads\/WhatsApp-Image-2018-03-27-at-11.41.29.jpeg","contentUrl":"https:\/\/www.istanbuljeepsafari.com\/wp-content\/uploads\/WhatsApp-Image-2018-03-27-at-11.41.29.jpeg","width":540,"height":960},{"@type":"BreadcrumbList","@id":"https:\/\/www.istanbuljeepsafari.com\/index.php\/basinda-biz\/#breadcrumb","itemListElement":[{"@type":"ListItem","position":1,"name":"Ana sayfa","item":"https:\/\/www.istanbuljeepsafari.com\/"},{"@type":"ListItem","position":2,"name":"Bas\u0131nda Biz"}]},{"@type":"WebSite","@id":"https:\/\/www.istanbuljeepsafari.com\/#website","url":"https:\/\/www.istanbuljeepsafari.com\/","name":"\u0130stanbul jeep safari","description":"\u0130stanbul offroad","publisher":{"@id":"https:\/\/www.istanbuljeepsafari.com\/#organization"},"potentialAction":[{"@type":"SearchAction","target":{"@type":"EntryPoint","urlTemplate":"https:\/\/www.istanbuljeepsafari.com\/?s={search_term_string}"},"query-input":"required name=search_term_string"}],"inLanguage":"tr"},{"@type":"Organization","@id":"https:\/\/www.istanbuljeepsafari.com\/#organization","name":"\u0130stanbul jeep safari","url":"https:\/\/www.istanbuljeepsafari.com\/","logo":{"@type":"ImageObject","inLanguage":"tr","@id":"https:\/\/www.istanbuljeepsafari.com\/#\/schema\/logo\/image\/","url":"https:\/\/www.istanbuljeepsafari.com\/wp-content\/uploads\/1470411_10202608812960351_843300621_n.jpg","contentUrl":"https:\/\/www.istanbuljeepsafari.com\/wp-content\/uploads\/1470411_10202608812960351_843300621_n.jpg","width":377,"height":350,"caption":"\u0130stanbul jeep safari"},"image":{"@id":"https:\/\/www.istanbuljeepsafari.com\/#\/schema\/logo\/image\/"},"sameAs":["https:\/\/www.facebook.com\/offroadjeepsafari\/","https:\/\/www.instagram.com\/sotoburak\/?hl=tr"]}]}},"_links":{"self":[{"href":"https:\/\/www.istanbuljeepsafari.com\/index.php\/wp-json\/wp\/v2\/pages\/22","targetHints":{"allow":["GET"]}}],"collection":[{"href":"https:\/\/www.istanbuljeepsafari.com\/index.php\/wp-json\/wp\/v2\/pages"}],"about":[{"href":"https:\/\/www.istanbuljeepsafari.com\/index.php\/wp-json\/wp\/v2\/types\/page"}],"author":[{"embeddable":true,"href":"https:\/\/www.istanbuljeepsafari.com\/index.php\/wp-json\/wp\/v2\/users\/1"}],"replies":[{"embeddable":true,"href":"https:\/\/www.istanbuljeepsafari.com\/index.php\/wp-json\/wp\/v2\/comments?post=22"}],"version-history":[{"count":14,"href":"https:\/\/www.istanbuljeepsafari.com\/index.php\/wp-json\/wp\/v2\/pages\/22\/revisions"}],"predecessor-version":[{"id":413,"href":"https:\/\/www.istanbuljeepsafari.com\/index.php\/wp-json\/wp\/v2\/pages\/22\/revisions\/413"}],"wp:attachment":[{"href":"https:\/\/www.istanbuljeepsafari.com\/index.php\/wp-json\/wp\/v2\/media?parent=22"}],"curies":[{"name":"wp","href":"https:\/\/api.w.org\/{rel}","templated":true}]}}